{"id":2030,"date":"2025-11-07T19:23:18","date_gmt":"2025-11-07T19:23:18","guid":{"rendered":"https:\/\/haciaelfin.cl\/?page_id=2030"},"modified":"2025-12-31T21:47:02","modified_gmt":"2025-12-31T21:47:02","slug":"la-violencia-del-estado-demostrada-geometricamente","status":"publish","type":"page","link":"https:\/\/haciaelfin.cl\/?page_id=2030","title":{"rendered":"LA VIOLENCIA DEL ESTADO DEMOSTRADA GEOMETRICAMENTE"},"content":{"rendered":"\n<div class=\"wp-block-columns alignwide are-vertically-aligned-center is-layout-flex wp-container-core-columns-is-layout-28f84493 wp-block-columns-is-layout-flex\" style=\"border-width:1px\">\n<div class=\"wp-block-column is-vertically-aligned-center is-layout-flow wp-block-column-is-layout-flow\" style=\"flex-basis:1000px\">\n<h2 class=\"wp-block-heading has-text-align-center is-style-text-annotation has-large-font-size\">La violencia del Estado demostrada geometricamente<\/h2>\n\n\n\n<p class=\"has-text-align-center is-style-text-subtitle has-background has-medium-font-size\" style=\"background-color:#f1f1f1\">La metodolog\u00eda que Baruch Spinoza utiliza en su obra cumbre, la \u00ab\u00c9tica demostrada seg\u00fan el orden geom\u00e9trico\u00bb (Ethica, ordine geometrico demonstrata), es su rasgo m\u00e1s distintivo y se conoce como el m\u00e9todo geom\u00e9trico o \u00aborden geom\u00e9trico\u00bb. Spinoza busca aplicar la rigurosidad deductiva y la claridad de las matem\u00e1ticas, espec\u00edficamente de la geometr\u00eda euclidiana, al campo de la filosof\u00eda, que tradicionalmente hab\u00eda sido tratado de manera m\u00e1s discursiva o especulativa. Su objetivo es obtener verdades filos\u00f3ficas con la misma certeza e inevitabilidad l\u00f3gica que se alcanzan en las demostraciones geom\u00e9tricas.<\/p>\n<\/div>\n<\/div>\n\n\n\n<pre id=\"Interlineado\" class=\"wp-block-code has-contrast-color has-base-background-color has-text-color has-background has-link-color wp-elements-24c8d604ff058c486d0aea6d1d050149\" style=\"border-width:1px;padding-top:0;padding-right:0;padding-bottom:0;padding-left:0;font-size:12px;letter-spacing:1.5px\"><code>   \n\nEl m\u00e9todo se estructura de la siguiente manera, imitando a los Elementos de Euclides:\n \n<strong>1.\tElementos de Partida<\/strong>\n \n<strong>Definiciones (Definitiones)<\/strong>: Se establecen los t\u00e9rminos fundamentales del sistema de manera concisa y precisa, como Sustancia, Atributo, Modo y Dios (que para Spinoza es id\u00e9ntico a la Naturaleza, Deus sive Natura). Estas definiciones son el punto de partida y deben aceptarse sin ambig\u00fcedad.\n \n<strong>Axiomas (Axiomata)<\/strong>: Son proposiciones consideradas evidentes por s\u00ed mismas, verdades universales que no necesitan demostraci\u00f3n. Por ejemplo, \"Todo lo que es, o es en s\u00ed, o es en otra cosa\" (Axioma 1, Parte I).\n\n\n \n<strong>2.\tProceso Deductivo<\/strong>\nA partir de estos elementos iniciales, Spinoza construye su sistema filos\u00f3fico mediante una estricta cadena de razonamientos:\n \n<strong>Proposiciones (Propositiones):<\/strong> Son las afirmaciones filos\u00f3ficas principales que Spinoza busca probar.\nDemostraciones (Demonstrationes): Cada proposici\u00f3n va seguida de una demostraci\u00f3n l\u00f3gica rigurosa. Estas demostraciones se basan \u00fanica y exclusivamente en las Definiciones, los Axiomas y las Proposiciones previamente demostradas, al igual que en la geometr\u00eda. La conclusi\u00f3n se sigue con necesidad l\u00f3gica de las premisas.\n \n<strong>Corolarios (Corollaria):<\/strong> Son consecuencias inmediatas que se derivan de una Proposici\u00f3n ya demostrada, sin necesidad de una demostraci\u00f3n adicional extensa.\n \n<strong>Escolios (Scholia)<\/strong>: Son aclaraciones, comentarios o discusiones m\u00e1s extensas sobre una Proposici\u00f3n o un grupo de ellas. Spinoza los utiliza para exponer su pensamiento de manera m\u00e1s accesible, discutir objeciones o refutar posiciones filos\u00f3ficas rivales (como el finalismo o el libre albedr\u00edo). A menudo, en los escolios se encuentran las reflexiones m\u00e1s ricas y argumentadas.\n \n<strong>I.\tEstructura Spinozista basada en Schmitt<\/strong>\n \n<strong><em>Definiciones (Def.)<\/em><\/strong>\n\n\u2022\tEstado: La unidad pol\u00edtica que posee la distinci\u00f3n esencial entre amigo y enemigo.\n\u2022\tViolencia: La fuerza f\u00edsica ejercida o con potencial de ser ejercida por un agente.\n \n<strong>Axioma (Ax.)<\/strong>\n\u2022\tAxioma I: El monopolio de la violencia recae en el Estado. \n \n<strong>Proposici\u00f3n (Prop.)<\/strong>\n\u2022\tProposici\u00f3n I: El monopolio de la violencia es el monopolio de la decisi\u00f3n. \n \n<strong>1.\tDemostraci\u00f3n (Demonstratio)<\/strong>\n \n\u2022\tLa demostraci\u00f3n debe vincular la violencia estatal (Ax. I) con la capacidad de tomar la decisi\u00f3n \u00faltima sobre la excepci\u00f3n (Schmitt).\n\n Por el <strong>Axioma I<\/strong>, el Estado es el \u00fanico agente leg\u00edtimo que puede emplear la fuerza suprema.\n\n Seg\u00fan Schmitt, el concepto de soberan\u00eda (la esencia del Estado) se define por la capacidad de decidir sobre la excepci\u00f3n (Entscheidung \u00fcber den Ausnahmezustand).\n\nLa decisi\u00f3n sobre la excepci\u00f3n es la prerrogativa de suspender el orden jur\u00eddico ordinario. Esta suspensi\u00f3n es la m\u00e1xima decisi\u00f3n pol\u00edtica.\n\nCuando el Estado decide suspender el orden, solo su propia fuerza (su monopolio de la violencia) puede garantizar y sostener esta decisi\u00f3n contra cualquier oposici\u00f3n interna o externa.\n\nPor lo tanto, la capacidad efectiva de ejercer la decisi\u00f3n m\u00e1xima (la soberan\u00eda) est\u00e1 intr\u00ednsecamente ligada a la capacidad exclusiva de ejercer la fuerza m\u00e1xima (el monopolio de la violencia). Si el Estado careciera del monopolio de la violencia, cualquier grupo con fuerza suficiente podr\u00eda invalidar la decisi\u00f3n soberana.\nErgo, (por tanto), el monopolio de la violencia es el monopolio de la decisi\u00f3n. Q.E.D. (Queda Esto Demostrado).\n\n<strong>\tCorolarios (Corollaria)<\/strong>\n\nLos corolarios son consecuencias inmediatas de la Proposici\u00f3n I y el Axioma I.\n\u2022\tCorolario I.1: La ley es una orden del Estado garantizada por la amenaza de la fuerza, no al rev\u00e9s. \no\tRaz\u00f3n: Si la decisi\u00f3n es el monopolio del Estado (Prop. I), entonces el contenido de la ley es secundario a la autoridad que la impone mediante el monopolio de la fuerza (Ax. I).\n\u2022\tCorolario I.2: Si el monopolio de la violencia se quiebra, la soberan\u00eda (la capacidad de decisi\u00f3n) se disuelve. \no\tRaz\u00f3n: Si la decisi\u00f3n es sostenida por la violencia (Prop. I), al desaparecer el monopolio de la violencia (negaci\u00f3n de Ax. I), la decisi\u00f3n ya no es la decisi\u00f3n suprema, sino una decisi\u00f3n entre muchas, perdi\u00e9ndose la cualidad de monopolio de la decisi\u00f3n.\n\n<strong>Escolios (Scholia)<\/strong>\n\nLos escolios se utilizan para ampliar, aclarar o contrastar la Proposici\u00f3n con otros puntos de vista, ofreciendo el contexto schmittiano.\n\n<strong>Escol\u00edo I.A (Sobre la Soberan\u00eda y la Excepci\u00f3n):<\/strong>\n\nCon la proposici\u00f3n I hemos expuesto la verdadera naturaleza del poder estatal, en contra de las doctrinas liberales que definen al Estado solo por la norma. El monopolio de la decisi\u00f3n, visto como el poder de suspender la norma, revela que la soberan\u00eda no reside en la ley, sino en el poder de decidir si la ley se aplica o no. El soberano, aquel que detenta el monopolio de la violencia, es quien est\u00e1 fuera de la norma pero la crea, pues si la decisi\u00f3n sobre la excepci\u00f3n estuviera predeterminada por la norma, no ser\u00eda una verdadera decisi\u00f3n soberana, sino la aplicaci\u00f3n mec\u00e1nica de una regla.\n\n\u2022\t<strong>Escol\u00edo I.B (Sobre el Origen y el Fin de la Decisi\u00f3n):<\/strong>\n\nEl concepto del monopolio de la decisi\u00f3n es la consecuencia l\u00f3gica de la Definici\u00f3n schmittiana del pol\u00edtico como la distinci\u00f3n amigo\/enemigo. El acto m\u00e1s radical de decisi\u00f3n es determinar qui\u00e9n es el enemigo p\u00fablico. Esta determinaci\u00f3n es ineludiblemente una decisi\u00f3n sobre la supervivencia pol\u00edtica que solo puede ser impuesta por el Estado a trav\u00e9s de su monopolio de la violencia (Ax. I), pues ninguna otra fuerza puede asegurar la existencia pol\u00edtica de la unidad. El monopolio de la decisi\u00f3n, por lo tanto, no es un concepto moral, sino una realidad existencial garantizada por la fuerza.\n\n<\/code><\/pre>\n","protected":false},"excerpt":{"rendered":"<p>La violencia del Estado demostrada geometricamente La metodolog\u00eda que Baruch Spinoza utiliza en su obra cumbre, la \u00ab\u00c9tica demostrada seg\u00fan el orden geom\u00e9trico\u00bb (Ethica, ordine geometrico demonstrata), es su rasgo m\u00e1s distintivo y se conoce como el m\u00e9todo geom\u00e9trico o \u00aborden geom\u00e9trico\u00bb. Spinoza busca aplicar la rigurosidad deductiva y la claridad de las matem\u00e1ticas, espec\u00edficamente [&hellip;]<\/p>\n","protected":false},"author":1,"featured_media":1792,"parent":0,"menu_order":0,"comment_status":"closed","ping_status":"closed","template":"","meta":{"footnotes":""},"class_list":["post-2030","page","type-page","status-publish","has-post-thumbnail","hentry"],"_links":{"self":[{"href":"https:\/\/haciaelfin.cl\/index.php?rest_route=\/wp\/v2\/pages\/2030","targetHints":{"allow":["GET"]}}],"collection":[{"href":"https:\/\/haciaelfin.cl\/index.php?rest_route=\/wp\/v2\/pages"}],"about":[{"href":"https:\/\/haciaelfin.cl\/index.php?rest_route=\/wp\/v2\/types\/page"}],"author":[{"embeddable":true,"href":"https:\/\/haciaelfin.cl\/index.php?rest_route=\/wp\/v2\/users\/1"}],"replies":[{"embeddable":true,"href":"https:\/\/haciaelfin.cl\/index.php?rest_route=%2Fwp%2Fv2%2Fcomments&post=2030"}],"version-history":[{"count":4,"href":"https:\/\/haciaelfin.cl\/index.php?rest_route=\/wp\/v2\/pages\/2030\/revisions"}],"predecessor-version":[{"id":2300,"href":"https:\/\/haciaelfin.cl\/index.php?rest_route=\/wp\/v2\/pages\/2030\/revisions\/2300"}],"wp:featuredmedia":[{"embeddable":true,"href":"https:\/\/haciaelfin.cl\/index.php?rest_route=\/wp\/v2\/media\/1792"}],"wp:attachment":[{"href":"https:\/\/haciaelfin.cl\/index.php?rest_route=%2Fwp%2Fv2%2Fmedia&parent=2030"}],"curies":[{"name":"wp","href":"https:\/\/api.w.org\/{rel}","templated":true}]}}